{"id":2,"date":"2015-12-26T15:46:53","date_gmt":"2015-12-26T13:46:53","guid":{"rendered":"http:\/\/www.hukuki.net\/denetimliserbestlik\/?page_id=2"},"modified":"2015-12-26T18:27:43","modified_gmt":"2015-12-26T16:27:43","slug":"ornek-sayfa","status":"publish","type":"page","link":"https:\/\/www.hukuki.net\/denetimliserbestlik\/","title":{"rendered":"Denetimli Serbestlik"},"content":{"rendered":"<p>Denetimli Serbestlik\u00a0hukuki kurumu\u00a0ile h\u00fck\u00fcml\u00fcn\u00fcn toplumsal\u00a0kurallar\u0131 benimsemesi ve toplum ile\u00a0b\u00fct\u00fcnle\u015fmesinin sa\u011flanmas\u0131,\u00a0tekrar su\u00e7 i\u015flenmesinin \u00f6nlenmesi ile toplumun korunmas\u0131 ama\u00e7lanm\u0131\u015ft\u0131r.<\/p>\n<blockquote><p>Denetimli Serbestlik Nedir ?<\/p>\n<p>Denetimli serbestlik,\u00a0 Mahkeme taraf\u0131ndan belirtilen\u00a0\u015fartlar ve s\u00fcreler i\u00e7erisinde, &#8220;denetim ve denetleme plan\u0131&#8221; do\u011frultusunda \u015f\u00fcpheli, san\u0131k ya da h\u00fck\u00fcml\u00fcn\u00fcn toplum ile\u00a0b\u00fct\u00fcnle\u015fmesi\u00a0i\u00e7in ihtiya\u00e7 duydu\u011fu her t\u00fcrl\u00fc hizmet, program ve kayna\u011f\u0131n\u00a0temin edildi\u011fi\u00a0toplumsal\u00a0tabanl\u0131 bir uygulamad\u0131r.<\/p>\n<p>Ba\u015fka\u00a0bir\u00a0de\u011fi\u015fle;\u00a0\u00a0Denetimli serbestlik uygulamas\u0131 ile ; H\u00fck\u00fcml\u00fcn\u00fcn\u00a0su\u00e7 i\u015flemesine\u00a0sebep olan davran\u0131\u015flar\u0131n\u0131n d\u00fczeltilerek,\u00a0yeniden su\u00e7 i\u015flemesinin engellenmesi, ceza infaz kurumundan sal\u0131verilen y\u00fck\u00fcml\u00fclerin takip edilmesi, madde ba\u011f\u0131ml\u0131l\u0131\u011f\u0131 olan ki\u015filerin\u00a0rehabilitasyonu, ma\u011fdurlar\u0131n u\u011frad\u0131\u011f\u0131 zararlar\u0131n giderilmesi ve bu yolla toplumun korunmas\u0131n\u0131 ama\u00e7lanmaktad\u0131r..<\/p><\/blockquote>\n<p>Hukuk d\u00fczenlerinin amac\u0131\u00a0ki\u015fileri ve toplumu mutlu etmektir. Ancak huzurlu ve g\u00fcvenli bir\u00a0ortamda sorumlu, ara\u015ft\u0131rmac\u0131, giri\u015fimci ve kendine g\u00fcvenen bireyler yeti\u015febilir.\u00a0Bu huzur ve g\u00fcven ortam\u0131n\u0131 sa\u011flamak i\u00e7in ise su\u00e7 i\u015flenmesinin \u00f6nlenmesi ve\u00a0insana uygun cezalar\u0131n verilmesi gereklidir.<\/p>\n<p>Ceza adalet sisteminde, reform niteli\u011fi ta\u015f\u0131yan de\u011fi\u015fikliklerden biri, denetimli serbestlik sistemidir. Bu sistem; ceza yarg\u0131lamas\u0131, infaz hukuku ve \u00e7ocuk ceza hukukunun en \u00f6nemli b\u00f6l\u00fcm\u00fcn\u00fc olu\u015fturmaktad\u0131r.<\/p>\n<p>\u00dclkemizde denetimli serbestlik hizmetleri 20 Temmuz 2005 tarihinde y\u00fcr\u00fcrl\u00fc\u011fe giren \u201cDenetimli Serbestlik ve Yard\u0131m Merkezleri \u0130le Koruma Kurullar\u0131 Kanunu\u201d ile kurulmu\u015ftur.<\/p>\n<p>Denetimli Serbestlik; etkin bir ceza adalet sistemi, cayd\u0131r\u0131c\u0131 bir ceza infaz sistemi ile ideal bir \u00e7ocuk adalet sistemidir.<\/p>\n<p>Denetimli serbestlik sistemi ile hapis cezas\u0131na alternatif tedbirlerin infaz hizmetleri yerine getirilmekte, Cumhuriyet savc\u0131l\u0131klar\u0131na ve mahkemelere rapor haz\u0131rlanmakta ve eski h\u00fck\u00fcml\u00fcler ile su\u00e7tan zarar g\u00f6renlere koruma ve yard\u0131m \u00e7al\u0131\u015fmalar\u0131 yap\u0131lmaktad\u0131r.<\/p>\n<p>Denetimli serbestlik uygulamalar\u0131yla; su\u00e7lular\u0131n cezalar\u0131n\u0131 toplum i\u00e7inde, sosyal ortamlar\u0131ndan kopar\u0131lmadan, sorun \u00e7\u00f6zme becerilerini geli\u015ftirerek \u00e7ekmeleri, en \u00f6nemlisi yeniden topluma uyumlar\u0131n\u0131 sa\u011flamak amac\u0131yla kanunlara sayg\u0131l\u0131 ve toplumla bar\u0131\u015f\u0131k bireyler olmalar\u0131na yard\u0131mc\u0131 olmak ama\u00e7lanm\u0131\u015ft\u0131r.<\/p>\n<p>\u00c7a\u011fda\u015f ceza infaz sisteminin temel amac\u0131; h\u00fck\u00fcml\u00fcn\u00fcn sosyalle\u015fmesini te\u015fvik etmek, yeniden su\u00e7 i\u015flemesini engelleyici etkenleri g\u00fc\u00e7lendirmek, kanunlara ve toplumsal kurallara sayg\u0131l\u0131, \u00fcretken ve sorumluluk ta\u015f\u0131yan bir birey olmas\u0131n\u0131 sa\u011flamak ve dolay\u0131s\u0131yla toplumu su\u00e7a kar\u015f\u0131 korumakt\u0131r.<\/p>\n<p>T\u00fcrkiye&#8217;de\u00a0denetimli serbestlik hizmetleri, su\u00e7 \u015f\u00fcphesinin \u00f6\u011frenilmesinden infaz\u0131n tamamlanmas\u0131na kadar 5 ayr\u0131 alanda verilmektedir. Bunlar infaz hizmetleri, madde ba\u011f\u0131ml\u0131lar\u0131n\u0131n rehabilitasyonu, rapor haz\u0131rlama, kamu yarar\u0131na \u00e7al\u0131\u015fma cezalar\u0131n\u0131n yerine getirilmesi, rehberlik ile koruma ve yard\u0131md\u0131r.<\/p>\n<p>\u0130\u015fte bu nedenlerle <a href=\"http:\/\/www.hukuki.net\" target=\"_blank\">Hukuki.NET<\/a> sitesi olarak bu konuyu ayr\u0131 bir b\u00f6l\u00fcm alt\u0131nda incelemeyi uygun g\u00f6rd\u00fck. Bu konudaki yorum ve sorular\u0131n\u0131z\u0131 <a href=\"http:\/\/www.hukuki.net\/forum.php\" target=\"_blank\">Hukuk Forum<\/a> b\u00f6l\u00fcm\u00fcn\u00fcn\u00a0<a href=\"http:\/\/www.hukuki.net\/forumdisplay.php?70-Ceza-infaz-Hukuku\"><u><span style=\"color: #0066cc;\">Ceza \u0130nfaz Hukuku<\/span><\/u><\/a><\/p>\n","protected":false},"excerpt":{"rendered":"<p>Denetimli Serbestlik\u00a0hukuki kurumu\u00a0ile h\u00fck\u00fcml\u00fcn\u00fcn toplumsal\u00a0kurallar\u0131 benimsemesi ve toplum ile\u00a0b\u00fct\u00fcnle\u015fmesinin sa\u011flanmas\u0131,\u00a0tekrar su\u00e7 i\u015flenmesinin \u00f6nlenmesi ile toplumun korunmas\u0131 ama\u00e7lanm\u0131\u015ft\u0131r. Denetimli Serbestlik Nedir ? Denetimli serbestlik,\u00a0 Mahkeme taraf\u0131ndan belirtilen\u00a0\u015fartlar ve s\u00fcreler i\u00e7erisinde, &#8220;denetim ve denetleme plan\u0131&#8221; do\u011frultusunda \u015f\u00fcpheli, san\u0131k ya da h\u00fck\u00fcml\u00fcn\u00fcn toplum ile\u00a0b\u00fct\u00fcnle\u015fmesi\u00a0i\u00e7in ihtiya\u00e7 duydu\u011fu her t\u00fcrl\u00fc hizmet, program ve kayna\u011f\u0131n\u00a0temin edildi\u011fi\u00a0toplumsal\u00a0tabanl\u0131 bir uygulamad\u0131r. Ba\u015fka\u00a0bir\u00a0de\u011fi\u015fle;\u00a0\u00a0Denetimli serbestlik uygulamas\u0131 &hellip; <a href=\"https:\/\/www.hukuki.net\/denetimliserbestlik\/\" class=\"more-link\">Okumaya devam et<span class=\"screen-reader-text\"> &#8220;Denetimli Serbestlik&#8221;<\/span><\/a><\/p>\n","protected":false},"author":1,"featured_media":0,"parent":0,"menu_order":0,"comment_status":"closed","ping_status":"open","template":"","meta":[],"_links":{"self":[{"href":"https:\/\/www.hukuki.net\/denetimliserbestlik\/wp-json\/wp\/v2\/pages\/2"}],"collection":[{"href":"https:\/\/www.hukuki.net\/denetimliserbestlik\/wp-json\/wp\/v2\/pages"}],"about":[{"href":"https:\/\/www.hukuki.net\/denetimliserbestlik\/wp-json\/wp\/v2\/types\/page"}],"author":[{"embeddable":true,"href":"https:\/\/www.hukuki.net\/denetimliserbestlik\/wp-json\/wp\/v2\/users\/1"}],"replies":[{"embeddable":true,"href":"https:\/\/www.hukuki.net\/denetimliserbestlik\/wp-json\/wp\/v2\/comments?post=2"}],"version-history":[{"count":0,"href":"https:\/\/www.hukuki.net\/denetimliserbestlik\/wp-json\/wp\/v2\/pages\/2\/revisions"}],"wp:attachment":[{"href":"https:\/\/www.hukuki.net\/denetimliserbestlik\/wp-json\/wp\/v2\/media?parent=2"}],"curies":[{"name":"wp","href":"https:\/\/api.w.org\/{rel}","templated":true}]}}